{"id":673,"date":"2022-05-06T17:41:29","date_gmt":"2022-05-06T17:41:29","guid":{"rendered":"https:\/\/startersites.io\/blocksy\/gadgets\/?post_type=product&#038;p=673"},"modified":"2025-12-20T11:46:54","modified_gmt":"2025-12-20T11:46:54","slug":"ispletisliku","status":"publish","type":"product","link":"https:\/\/ispletisliku.com\/index.php\/product\/ispletisliku\/","title":{"rendered":"&#8222;Ispleti Sliku&#8220; Paket"},"content":{"rendered":"<p data-start=\"660\" data-end=\"948\">Uz Ispleti Sliku\u00a0mo\u017eete od va\u0161e omiljene fotografije napraviti <strong data-start=\"726\" data-end=\"768\">posebnu, ru\u010dno izra\u0111enu sliku od konca<\/strong> \u2013 savr\u0161en poklon za voljenu osobu.<br data-start=\"803\" data-end=\"806\" \/>Kreativan set dolazi sa svim potrebnim materijalom, jasnim uputstvima i glasovnim vodi\u010dem koji vam poma\u017ee da svaki korak bude lagan i zabavan.<\/p>\n<p data-start=\"950\" data-end=\"1015\">Stvorite li\u010dno umetni\u010dko delo koje ima stvarnu emotivnu vrednost.<\/p>\n","protected":false},"excerpt":{"rendered":"<p data-start=\"160\" data-end=\"470\"><strong data-start=\"160\" data-end=\"176\">Ispleti Sliku<\/strong> je jedinstveni kreativni set koji vam omogu\u0107ava da pretvorite bilo koju sliku ili fotografiju u zadivljuju\u0107u umetnost od konca.<br data-start=\"308\" data-end=\"311\" \/>Uz jednostavna uputstva iz aplikacije koja vas vode kroz svaki korak, svako mo\u017ee napraviti svoje prvo umetni\u010dko delo \u2013 bez prethodnog iskustva.<\/p>\n<p data-start=\"472\" data-end=\"592\">Savr\u0161en je kao <strong data-start=\"487\" data-end=\"497\">poklon<\/strong>, kao zajedni\u010dka aktivnost sa partnerom ili porodicom, ili kao opu\u0161taju\u0107i projekat samo za vas.<\/p>\n","protected":false},"featured_media":1108,"comment_status":"open","ping_status":"closed","template":"","meta":[],"product_brand":[],"product_cat":[25],"product_tag":[],"class_list":{"0":"post-673","1":"product","2":"type-product","3":"status-publish","4":"has-post-thumbnail","6":"product_cat-paketi","8":"first","9":"instock","10":"sale","11":"taxable","12":"shipping-taxable","13":"purchasable","14":"product-type-simple"},"_links":{"self":[{"href":"https:\/\/ispletisliku.com\/index.php\/wp-json\/wp\/v2\/product\/673","targetHints":{"allow":["GET"]}}],"collection":[{"href":"https:\/\/ispletisliku.com\/index.php\/wp-json\/wp\/v2\/product"}],"about":[{"href":"https:\/\/ispletisliku.com\/index.php\/wp-json\/wp\/v2\/types\/product"}],"replies":[{"embeddable":true,"href":"https:\/\/ispletisliku.com\/index.php\/wp-json\/wp\/v2\/comments?post=673"}],"wp:featuredmedia":[{"embeddable":true,"href":"https:\/\/ispletisliku.com\/index.php\/wp-json\/wp\/v2\/media\/1108"}],"wp:attachment":[{"href":"https:\/\/ispletisliku.com\/index.php\/wp-json\/wp\/v2\/media?parent=673"}],"wp:term":[{"taxonomy":"product_brand","embeddable":true,"href":"https:\/\/ispletisliku.com\/index.php\/wp-json\/wp\/v2\/product_brand?post=673"},{"taxonomy":"product_cat","embeddable":true,"href":"https:\/\/ispletisliku.com\/index.php\/wp-json\/wp\/v2\/product_cat?post=673"},{"taxonomy":"product_tag","embeddable":true,"href":"https:\/\/ispletisliku.com\/index.php\/wp-json\/wp\/v2\/product_tag?post=673"}],"curies":[{"name":"wp","href":"https:\/\/api.w.org\/{rel}","templated":true}]}}